{"id":44992,"date":"2024-08-27T09:24:05","date_gmt":"2024-08-27T07:24:05","guid":{"rendered":"https:\/\/www.academy.fau.de\/?page_id=44992"},"modified":"2025-11-21T10:09:04","modified_gmt":"2025-11-21T09:09:04","slug":"veranstaltungsuebersicht","status":"publish","type":"page","link":"https:\/\/www.academy.fau.de\/en\/veranstaltungsuebersicht\/","title":{"rendered":"Events"},"content":{"rendered":"\n<div class=\"wp-block-columns is-layout-flex wp-container-core-columns-is-layout-28f84493 wp-block-columns-is-layout-flex\">\n<div class=\"wp-block-column is-layout-flow wp-block-column-is-layout-flow\">\n<h3 class=\"wp-block-heading\">You are looking for an event?<\/h3>\n\n\n\n<p>Discover a variety of lifelong learning events at FAU &#8211; including lectures, lecture series, online events, information events and lecture series. Immerse yourself and gain insights into the various subject areas at FAU.<\/p>\n\n\n\n<p>Find opportunities to expand your knowledge and gain new perspectives.<\/p>\n\n\n<div class=\"wp-block-rrze-elements-notice \"><div class=\"notice notice-hinweis\"><div class=\"icon-box\"><svg class=\"icon icon-symbols-notifications\" aria-hidden=\"true\"><use href=\"#symbols-notifications\"><\/use><\/svg><\/div><div>\n\n<h3 class=\"wp-block-heading\"><\/h3>\n\n\n\n<p><strong>Please note that events with English titles will be held in English! Further events in German can be found on the German page.<\/strong><\/p>\n\n<\/div><\/div><\/div><\/div>\n\n\n\n<div class=\"wp-block-column is-layout-flow wp-block-column-is-layout-flow\">\n<div class=\"wp-block-buttons is-layout-flex wp-block-buttons-is-layout-flex\">\n<div class=\"wp-block-button\"><a class=\"wp-block-button__link wp-element-button\">Events for all<\/a><\/div>\n<\/div>\n\n\n\n<div class=\"wp-block-buttons is-layout-flex wp-block-buttons-is-layout-flex\">\n<div class=\"wp-block-button\"><a class=\"wp-block-button__link wp-element-button\">Continuing Education: registration deadlines and information events<\/a><\/div>\n<\/div>\n<\/div>\n<\/div>\n\n\n\n<hr class=\"wp-block-separator has-alpha-channel-opacity\" \/>\n\n\n\n<h3 class=\"wp-block-heading\">Events for all<\/h3>\n\n\n<div class=\"rrze-calendar\"><ul class=\"events-list\"><li class=\"event-item\" itemscope itemtype=\"https:\/\/schema.org\/Event\"><div class=\"event-date\" style=\"background-color:#041E42; color:white\"><div class=\"day-month\"><div class=\"day\">16<\/div><div class=\"month\">May<\/div><\/div><\/div><div class=\"event-info\"><div class=\"event-time\">16:30 &ndash; 18:00<\/div><div class=\"event-title\" itemprop=\"name\"><a href=\"https:\/\/www.academy.fau.de\/veranstaltungen\/fau-for-sustainability-erlangen-berlin-bruessel-herausforderungen-in-der-europaeischen-umwelt-und-klimapolitik\/\">(FA)U for Sustainability:: Erlangen, Berlin Br\u00fcssel: Herausforderungen in der europ\u00e4ischen Umwelt- und Klimapolitik<\/a><\/div><div class=\"event-location\">Senatssaal des Kollegienhauses, Universit\u00e4tsstr. 15, 91054 Erlangen<meta itemprop=\"location\" content=\"Senatssaal des Kollegienhauses, Universit\u00e4tsstr. 15, 91054 Erlangen\" \/><\/div><meta itemprop=\"startDate\" content=\"2026-05-16T14:30:00+00:00\" \/><meta itemprop=\"endDate\" content=\"2026-05-16T16:00:00+00:00\" \/><meta itemprop=\"eventAttendanceMode\" content=\"https:\/\/schema.org\/OfflineEventAttendanceMode\" \/><\/div><\/li><li class=\"event-item\" itemscope itemtype=\"https:\/\/schema.org\/Event\"><div class=\"event-date\" style=\"background-color:#041E42; color:white\"><div class=\"day-month\"><div class=\"day\">18<\/div><div class=\"month\">May<\/div><\/div><\/div><div class=\"event-info\"><div class=\"event-time\">18:15 &ndash; 19:15<\/div><div class=\"event-title\" itemprop=\"name\"><a href=\"https:\/\/www.academy.fau.de\/veranstaltungen\/buergervorlesung-organspende-eine-frage-des-alters\/\">B\u00fcrgervorlesung: Organspende &#8211; eine Frage des Alters?<\/a><\/div><div class=\"event-location\">H\u00f6rs\u00e4le Medizin: Gro\u00dfer H\u00f6rsaal \/ H\u00f6rsaal 400; Ulmenweg 18; 91054 Erlangen<meta itemprop=\"location\" content=\"H\u00f6rs\u00e4le Medizin: Gro\u00dfer H\u00f6rsaal \/ H\u00f6rsaal 400; Ulmenweg 18; 91054 Erlangen\" \/><\/div><meta itemprop=\"startDate\" content=\"2026-05-18T16:15:00+00:00\" \/><meta itemprop=\"endDate\" content=\"2026-05-18T17:15:00+00:00\" \/><meta itemprop=\"eventAttendanceMode\" content=\"https:\/\/schema.org\/OfflineEventAttendanceMode\" \/><\/div><\/li><li class=\"event-item\" itemscope itemtype=\"https:\/\/schema.org\/Event\"><div class=\"event-date\" style=\"background-color:#041E42; color:white\"><div class=\"day-month\"><div class=\"day\">19<\/div><div class=\"month\">May<\/div><\/div><\/div><div class=\"event-info\"><div class=\"event-time\">16:00 &ndash; 18:00<\/div><div class=\"event-title\" itemprop=\"name\"><a href=\"https:\/\/www.academy.fau.de\/veranstaltungen\/ringvorlesung-philosophie-der-moderne-tabea-rohr-jena-frege-kant-und-das-apriori\/\">Ringvorlesung Philosophie der Moderne: Tabea Rohr (Jena): Frege, Kant und das Apriori<\/a><\/div><div class=\"event-location\">A 401, Bismarckstra\u00dfe 1, 91054 Erlangen<meta itemprop=\"location\" content=\"A 401, Bismarckstra\u00dfe 1, 91054 Erlangen\" \/><\/div><meta itemprop=\"startDate\" content=\"2026-05-19T14:00:00+00:00\" \/><meta itemprop=\"endDate\" content=\"2026-05-19T16:00:00+00:00\" \/><meta itemprop=\"eventAttendanceMode\" content=\"https:\/\/schema.org\/OfflineEventAttendanceMode\" \/><\/div><\/li><li class=\"event-item\" itemscope itemtype=\"https:\/\/schema.org\/Event\"><div class=\"event-date\" style=\"background-color:#041E42; color:white\"><div class=\"day-month\"><div class=\"day\">19<\/div><div class=\"month\">May<\/div><\/div><\/div><div class=\"event-info\"><div class=\"event-time\">19:00 &ndash; 20:30<\/div><div class=\"event-title\" itemprop=\"name\"><a href=\"https:\/\/www.academy.fau.de\/veranstaltungen\/uebermorgen-der-zukunftsplausch-forever-young-jugend-kult-vs-alternde-gesellschaft\/\">\u00fcberMorgen &#8211; Der Zukunftsplausch: Forever young &#8211; Jugend-Kult vs. alternde Gesellschaft?<\/a><\/div><div class=\"event-location\">Deutsche Museum N\u00fcrnberg, Augustinerhof 4, 90403 N\u00fcrnberg<meta itemprop=\"location\" content=\"Deutsche Museum N\u00fcrnberg, Augustinerhof 4, 90403 N\u00fcrnberg\" \/><\/div><meta itemprop=\"startDate\" content=\"2026-05-19T17:00:00+00:00\" \/><meta itemprop=\"endDate\" content=\"2026-05-19T18:30:00+00:00\" \/><meta itemprop=\"eventAttendanceMode\" content=\"https:\/\/schema.org\/OfflineEventAttendanceMode\" \/><\/div><\/li><li class=\"event-item\" itemscope itemtype=\"https:\/\/schema.org\/Event\"><div class=\"event-date\" style=\"background-color:#041E42; color:white\"><div class=\"day-month\"><div class=\"day\">20<\/div><div class=\"month\">May<\/div><\/div><\/div><div class=\"event-info\"><div class=\"event-time\">16:30 &ndash; 18:00<\/div><div class=\"event-title\" itemprop=\"name\"><a href=\"https:\/\/www.academy.fau.de\/veranstaltungen\/ringvorlesung-fau-for-sustainability-demokratische-deliberation-und-meinungsbildung-in-zeiten-der-desinformation\/\">Ringvorlesung (FA)U for Sustainability: Demokratische Deliberation und Meinungsbildung in Zeiten der Desinformation<\/a><\/div><div class=\"event-location\">Senatssaal des Kollegienhauses, Universit\u00e4tsstr. 15, 91054 Erlangen<meta itemprop=\"location\" content=\"Senatssaal des Kollegienhauses, Universit\u00e4tsstr. 15, 91054 Erlangen\" \/><\/div><meta itemprop=\"startDate\" content=\"2026-05-20T14:30:00+00:00\" \/><meta itemprop=\"endDate\" content=\"2026-05-20T16:00:00+00:00\" \/><meta itemprop=\"eventAttendanceMode\" content=\"https:\/\/schema.org\/OfflineEventAttendanceMode\" \/><\/div><\/li><\/ul><\/div>\n\n\n<div class=\"wp-block-buttons is-layout-flex wp-block-buttons-is-layout-flex\">\n<div class=\"wp-block-button\"><a class=\"wp-block-button__link wp-element-button\" href=\"https:\/\/academy.cms.rrze.uni-erlangen.de\/calendars\/fuer-alle\/\">All Events<\/a><\/div>\n<\/div>\n\n\n\n<hr class=\"wp-block-separator has-alpha-channel-opacity\" \/>\n\n\n\n<h3 class=\"wp-block-heading\"><a id=\"fuer-alle\"><\/a><\/h3>\n\n\n\n<div class=\"wp-block-columns is-layout-flex wp-container-core-columns-is-layout-28f84493 wp-block-columns-is-layout-flex\">\n<div class=\"wp-block-column is-layout-flow wp-block-column-is-layout-flow\">\n<figure class=\"wp-block-image size-large\"><div class=\"image-wrapper\"><img loading=\"lazy\" decoding=\"async\" src=\"https:\/\/www.academy.fau.de\/files\/2024\/03\/D2_9108-1024x683.jpg\" alt=\"\" class=\"wp-image-23594\" srcset=\"https:\/\/www.academy.fau.de\/files\/2024\/03\/D2_9108-1024x683.jpg 1024w, https:\/\/www.academy.fau.de\/files\/2024\/03\/D2_9108-300x200.jpg 300w, https:\/\/www.academy.fau.de\/files\/2024\/03\/D2_9108-768x512.jpg 768w, https:\/\/www.academy.fau.de\/files\/2024\/03\/D2_9108-60x40.jpg 60w, https:\/\/www.academy.fau.de\/files\/2024\/03\/D2_9108-140x93.jpg 140w, https:\/\/www.academy.fau.de\/files\/2024\/03\/D2_9108-360x240.jpg 360w, https:\/\/www.academy.fau.de\/files\/2024\/03\/D2_9108-480x320.jpg 480w, https:\/\/www.academy.fau.de\/files\/2024\/03\/D2_9108-705x470.jpg 705w, https:\/\/www.academy.fau.de\/files\/2024\/03\/D2_9108.jpg 1437w\" \/><button class=\"image-fullscreen-btn\" onclick=\"openImageFullscreen('https:\/\/www.academy.fau.de\/files\/2024\/03\/D2_9108.jpg')\">\u26f6<\/button><\/div><figcaption class=\"wp-element-caption\">(Foto: FAU\/ Giulia Iannicelli)<\/figcaption><\/figure>\n<\/div>\n\n\n\n<div class=\"wp-block-column is-layout-flow wp-block-column-is-layout-flow\">\n<h3 class=\"wp-block-heading\">Continuing Education: registration deadlines and information events<\/h3>\n\n\n<div class=\"rrze-calendar\"><ul class=\"events-list\"><li class=\"event-item\" itemscope itemtype=\"https:\/\/schema.org\/Event\"><div class=\"event-date\" style=\"background-color:#041E42; color:white\"><div class=\"day-month\"><div class=\"day\">15<\/div><div class=\"month\">Jun<\/div><\/div><\/div><div class=\"event-info\"><div class=\"event-time\">17:00 &ndash; 18:00<\/div><div class=\"event-title\" itemprop=\"name\"><a href=\"https:\/\/www.academy.fau.de\/veranstaltungen\/infoveranstaltung-berufsbegleitender-masterstudiengang-organisation-transformation-gesellschaft-2\/\">Infoveranstaltung: berufsbegleitender Masterstudiengang Organisation &#8211; Transformation &#8211; Gesellschaft<\/a><\/div><div class=\"event-location\">online<meta itemprop=\"location\" content=\"online\" \/><\/div><meta itemprop=\"startDate\" content=\"2026-06-15T15:00:00+00:00\" \/><meta itemprop=\"endDate\" content=\"2026-06-15T16:00:00+00:00\" \/><meta itemprop=\"eventAttendanceMode\" content=\"https:\/\/schema.org\/OfflineEventAttendanceMode\" \/><\/div><\/li><\/ul><\/div>\n\n\n<div class=\"wp-block-buttons is-layout-flex wp-block-buttons-is-layout-flex\">\n<div class=\"wp-block-button\"><a class=\"wp-block-button__link wp-element-button\" href=\"https:\/\/academy.cms.rrze.uni-erlangen.de\/calendars\/infos_und_anmeldefristen\/\">All Events<\/a><\/div>\n<\/div>\n<\/div>\n<\/div>\n","protected":false},"excerpt":{"rendered":"<p>You are looking for an event? Discover a variety of lifelong learning events at FAU &#8211; including lectures, lecture series, online events, information events and lecture series. Immerse yourself and gain insights into the various subject areas at FAU. Find opportunities to expand your knowledge and gain new perspectives. Events for all Continuing Education: registration [&hellip;]<\/p>\n","protected":false},"author":3152,"featured_media":12805,"parent":0,"menu_order":0,"comment_status":"closed","ping_status":"closed","template":"","meta":{"_rrze_cache":"enabled","_rrze_multilang_single_locale":"en_US","_rrze_multilang_single_source":"https:\/\/academy.cms.rrze.uni-erlangen.de\/?page_id=13413","footnotes":""},"page_category":[410],"page_tag":[],"workflow_usergroup":[],"class_list":["post-44992","page","type-page","status-publish","has-post-thumbnail","hentry","page_category-general","en-US"],"_links":{"self":[{"href":"https:\/\/www.academy.fau.de\/wp-json\/wp\/v2\/pages\/44992","targetHints":{"allow":["GET"]}}],"collection":[{"href":"https:\/\/www.academy.fau.de\/wp-json\/wp\/v2\/pages"}],"about":[{"href":"https:\/\/www.academy.fau.de\/wp-json\/wp\/v2\/types\/page"}],"author":[{"embeddable":true,"href":"https:\/\/www.academy.fau.de\/wp-json\/wp\/v2\/users\/3152"}],"replies":[{"embeddable":true,"href":"https:\/\/www.academy.fau.de\/wp-json\/wp\/v2\/comments?post=44992"}],"version-history":[{"count":5,"href":"https:\/\/www.academy.fau.de\/wp-json\/wp\/v2\/pages\/44992\/revisions"}],"predecessor-version":[{"id":112674,"href":"https:\/\/www.academy.fau.de\/wp-json\/wp\/v2\/pages\/44992\/revisions\/112674"}],"wp:featuredmedia":[{"embeddable":true,"href":"https:\/\/www.academy.fau.de\/wp-json\/wp\/v2\/media\/12805"}],"wp:attachment":[{"href":"https:\/\/www.academy.fau.de\/wp-json\/wp\/v2\/media?parent=44992"}],"wp:term":[{"taxonomy":"page_category","embeddable":true,"href":"https:\/\/www.academy.fau.de\/wp-json\/wp\/v2\/page_category?post=44992"},{"taxonomy":"page_tag","embeddable":true,"href":"https:\/\/www.academy.fau.de\/wp-json\/wp\/v2\/page_tag?post=44992"},{"taxonomy":"workflow_usergroup","embeddable":true,"href":"https:\/\/www.academy.fau.de\/wp-json\/wp\/v2\/workflow_usergroup?post=44992"}],"curies":[{"name":"wp","href":"https:\/\/api.w.org\/{rel}","templated":true}]}}